{"id":39120,"date":"2026-04-17T15:32:21","date_gmt":"2026-04-17T07:32:21","guid":{"rendered":"https:\/\/custom.wzhbuild.com\/?page_id=39120"},"modified":"2026-04-21T23:33:03","modified_gmt":"2026-04-21T15:33:03","slug":"case-study","status":"publish","type":"page","link":"https:\/\/custom.wzhbuild.com\/es\/case-study","title":{"rendered":"Estudio de caso"},"content":{"rendered":"<div class=\"et_pb_section_0 et_pb_section et_section_regular et_block_section\">\n<div class=\"et_pb_row_0 et_pb_row et_block_row\">\n<div class=\"et_pb_column_0 et_pb_column et_pb_column_4_4 et-last-child et_block_column et_pb_css_mix_blend_mode_passthrough\">\n<div class=\"et_pb_heading_0 et_pb_heading et_pb_module et_flex_module\"><div class=\"et_pb_heading_container\"><h1 class=\"et_pb_module_header\">Ayudamos a nuestros clientes a lograr crecimiento empresarial<\/h1><\/div><\/div>\n\n<div class=\"et_pb_text_0 et_pb_text et_pb_bg_layout_light et_pb_module et_flex_module\"><div class=\"et_pb_text_inner\"><p>Explore nuestras historias de \u00e9xito para ver c\u00f3mo resolvemos complejos desaf\u00edos empresariales a trav\u00e9s de la estrategia, el dise\u00f1o y la tecnolog\u00eda.<\/p>\n<\/div><\/div>\n<\/div>\n<\/div>\n<\/div>\n\n<div class=\"et_pb_section_1 et_pb_section et_section_regular et_flex_section\">\n<div class=\"et_pb_row_1 et_pb_row et_flex_row\">\n<div class=\"et_pb_column_1 et_pb_column et-last-child et_flex_column et_pb_css_mix_blend_mode_passthrough et_flex_column_24_24 et_flex_column_24_24_tablet et_flex_column_24_24_phone\">\n<div class=\"et_pb_blog_0 et_pb_blog et_pb_bg_layout_light et_pb_posts et_pb_module\"><div class=\"et_pb_ajax_pagination_container\"><div class=\"et_pb_posts et_grid_module\"><article class=\"et_pb_post et_pb_post_id_39140 clearfix et_pb_blog_item_0_0 post-39140 post type-post status-publish format-standard has-post-thumbnail hentry category-case tag-united-arab-emirates\"><h2 class=\"entry-title\"><a href=\"https:\/\/custom.wzhbuild.com\/es\/case\/39140\">Fabricante de caba\u00f1as prefabricadas para playas para promotores y operadores de los EAU<\/a><\/h2><p class=\"post-meta\"><span class=\"entry-categories\"><a href=\"https:\/\/custom.wzhbuild.com\/es\/category\/case\" rel=\"tag\">Estudio de caso<\/a><\/span><\/p><div class=\"post-content\"><div class=\"post-content-inner\"><p>Weizhengheng \u2014 Fabricante chino de caba\u00f1as de playa prefabricadas para promotores de los EAU. Soluciones modulares resistentes a huracanes, con integraci\u00f3n solar y certificadas por ESMA. Obtenga su propuesta con clima controlado en 5 d\u00edas. \u00a1Solicite ahora!<\/p>\n<\/div><\/div><\/article><article class=\"et_pb_post et_pb_post_id_39139 clearfix et_pb_blog_item_0_1 post-39139 post type-post status-publish format-standard has-post-thumbnail hentry category-case tag-germany\"><h2 class=\"entry-title\"><a href=\"https:\/\/custom.wzhbuild.com\/es\/case\/39139\">Fabricante de Estructuras Ligeras de Acero para Edificios Comerciales en Alemania<\/a><\/h2><p class=\"post-meta\"><span class=\"entry-categories\"><a href=\"https:\/\/custom.wzhbuild.com\/es\/category\/case\" rel=\"tag\">Estudio de caso<\/a><\/span><\/p><div class=\"post-content\"><div class=\"post-content-inner\"><p>Fabricante de estructuras de acero ligero en China: edificios comerciales con certificaci\u00f3n CE+ETA y que cumplen con GEG para Alemania. Obtenga su propuesta t\u00e9cnica gratuita con c\u00e1lculo est\u00e1tico alem\u00e1n e informe de valor U. \u00a1Act\u00fae ahora!<\/p>\n<\/div><\/div><\/article><article class=\"et_pb_post et_pb_post_id_39138 clearfix et_pb_blog_item_0_2 post-39138 post type-post status-publish format-standard has-post-thumbnail hentry category-case tag-saudi-arabia\"><h2 class=\"entry-title\"><a href=\"https:\/\/custom.wzhbuild.com\/es\/case\/39138\">Soluciones de Almacenes con Estructura de Acero para Contratistas EPC en Arabia Saudita<\/a><\/h2><p class=\"post-meta\"><span class=\"entry-categories\"><a href=\"https:\/\/custom.wzhbuild.com\/es\/category\/case\" rel=\"tag\">Estudio de caso<\/a><\/span><\/p><div class=\"post-content\"><div class=\"post-content-inner\"><p>Descubra soluciones de almacenes con estructuras de acero que cumplen con Arabia Saudita, desde techos de cerchas espaciales hasta cubiertas de junta alzada. Fabricante chino con m\u00e1s de 37 proyectos en KSA, certificado por SASO, resistente al viento, la arena y los rayos UV. \u00a1Obtenga su propuesta personalizada hoy mismo!<\/p>\n<\/div><\/div><\/article><article class=\"et_pb_post et_pb_post_id_39137 clearfix et_pb_blog_item_0_3 post-39137 post type-post status-publish format-standard has-post-thumbnail hentry category-case tag-togo\"><h2 class=\"entry-title\"><a href=\"https:\/\/custom.wzhbuild.com\/es\/case\/39137\">Proveedor de Soluciones Fabricante de Cobertizos Prefabricados para Ganado para la Lecher\u00eda en Togo<\/a><\/h2><p class=\"post-meta\"><span class=\"entry-categories\"><a href=\"https:\/\/custom.wzhbuild.com\/es\/category\/case\" rel=\"tag\">Estudio de caso<\/a><\/span><\/p><div class=\"post-content\"><div class=\"post-content-inner\"><p>Fabricante chino de cobertizos prefabricados para ganado especializado en soluciones para granjas lecheras tropicales en Togo, dise\u00f1ados para el calor, la humedad y la lluvia. Obtenga su nota de viabilidad sitio-espec\u00edfica gratuita en 5 d\u00edas.<\/p>\n<\/div><\/div><\/article><article class=\"et_pb_post et_pb_post_id_39136 clearfix et_pb_blog_item_0_4 post-39136 post type-post status-publish format-standard has-post-thumbnail hentry category-case tag-nepal\"><h2 class=\"entry-title\"><a href=\"https:\/\/custom.wzhbuild.com\/es\/case\/39136\">Fabricante de Equipos Av\u00edcolas para Nepal Proveedor de Soluciones Llave en Mano<\/a><\/h2><p class=\"post-meta\"><span class=\"entry-categories\"><a href=\"https:\/\/custom.wzhbuild.com\/es\/category\/case\" rel=\"tag\">Estudio de caso<\/a><\/span><\/p><div class=\"post-content\"><div class=\"post-content-inner\"><p>El principal fabricante chino de equipos para granjas av\u00edcolas ofrece soluciones integrales espec\u00edficas para Nepal: resistentes al clima, estables en cuanto al suministro el\u00e9ctrico y compatibles con el MoALD. \u00a1Obtenga su propuesta gratuita basada en el sitio en 5 d\u00edas!<\/p>\n<\/div><\/div><\/article><article class=\"et_pb_post et_pb_post_id_39135 clearfix et_pb_blog_item_0_5 post-39135 post type-post status-publish format-standard has-post-thumbnail hentry category-case tag-panama\"><h2 class=\"entry-title\"><a href=\"https:\/\/custom.wzhbuild.com\/es\/case\/39135\">Soluciones para corrales de cerdos de engorda para propietarios de fincas en Panam\u00e1 Proveedor B2B<\/a><\/h2><p class=\"post-meta\"><span class=\"entry-categories\"><a href=\"https:\/\/custom.wzhbuild.com\/es\/category\/case\" rel=\"tag\">Estudio de caso<\/a><\/span><\/p><div class=\"post-content\"><div class=\"post-content-inner\"><p>Proveedor B2B con sede en China de corrales para engorde de cerdos de grado tropical para Panam\u00e1 \u2014 galvanizado en caliente (Z275), documentaci\u00f3n en espa\u00f1ol, soporte en el sitio. \u00a1Solicite hoy mismo su propuesta de soluci\u00f3n personalizada!<\/p>\n<\/div><\/div><\/article><\/div><div class='wp-pagenavi' role='navigation'>\n<span aria-current='page' class='current'>1<\/span><a class=\"page larger\" title=\"P\u00e1gina 2\" href=\"https:\/\/custom.wzhbuild.com\/es\/wp-json\/wp\/v2\/pages\/39120\/page\/2?et_blog\">2<\/a><a class=\"page larger\" title=\"P\u00e1gina 3\" href=\"https:\/\/custom.wzhbuild.com\/es\/wp-json\/wp\/v2\/pages\/39120\/page\/3?et_blog\">3<\/a><a class=\"nextpostslink\" rel=\"next\" aria-label=\"P\u00e1gina siguiente\" href=\"https:\/\/custom.wzhbuild.com\/es\/wp-json\/wp\/v2\/pages\/39120\/page\/2?et_blog\">\u00bb<\/a>\n<\/div><\/div><\/div>\n<\/div>\n<\/div>\n<\/div>\n\n<div class=\"et_pb_section_2 et_pb_section et_section_regular et_flex_section\">\n<div class=\"et_pb_row_2 et_pb_row et_flex_row\">\n<div class=\"et_pb_column_2 et_pb_column et_flex_column et_pb_css_mix_blend_mode_passthrough et_flex_column_8_24 et_flex_column_24_24_tablet et_flex_column_24_24_phone\">\n<div class=\"et_pb_image_0 et_pb_image et_pb_module et_flex_module\"><span class=\"et_pb_image_wrap\"><img loading=\"lazy\" decoding=\"async\" src=\"https:\/\/custom.wzhbuild.com\/wp-content\/uploads\/2026\/03\/Industrial.png\" alt=\"China Steel Structure Manufacturers- Weizhengheng Group - Industrial\" title=\"Fabricantes de Estructuras de Acero de China - Weizhengheng Group - Industrial\" width=\"1200\" height=\"800\" srcset=\"https:\/\/custom.wzhbuild.com\/wp-content\/uploads\/2026\/03\/Industrial.png 1200w, https:\/\/custom.wzhbuild.com\/wp-content\/uploads\/2026\/03\/Industrial-980x653.png 980w, https:\/\/custom.wzhbuild.com\/wp-content\/uploads\/2026\/03\/Industrial-480x320.png 480w\" sizes=\"(min-width: 0px) and (max-width: 480px) 480px, (min-width: 481px) and (max-width: 980px) 980px, (min-width: 981px) 1200px, 100vw\" class=\"wp-image-39054\" \/><\/span><\/div>\n\n<div class=\"et_pb_blurb_0 et_pb_blurb et_pb_bg_layout_light et_pb_blurb_position_top et_pb_module et_flex_module preset--module--divi-blurb--default\"><div class=\"et_pb_blurb_content et_flex_module\"><div class=\"et_pb_blurb_container\"><h3 class=\"et_pb_module_header\">Edificios industriales<\/h3><div class=\"et_pb_blurb_description\"><p>Almacenes de gran altura, talleres de alta resistencia y centros log\u00edsticos dise\u00f1ados para m\u00e1xima eficiencia.<\/p>\n<p><a href=\"https:\/\/custom.wzhbuild.com\/es\/industrial-solutions\/\">Ver Soluciones Industriales<\/a><\/p>\n<\/div><\/div><\/div><\/div>\n<\/div>\n\n<div class=\"et_pb_column_3 et_pb_column et_flex_column et_pb_css_mix_blend_mode_passthrough et_flex_column_8_24 et_flex_column_24_24_tablet et_flex_column_24_24_phone\">\n<div class=\"et_pb_image_1 et_pb_image et_pb_module et_flex_module\"><span class=\"et_pb_image_wrap\"><img loading=\"lazy\" decoding=\"async\" src=\"https:\/\/custom.wzhbuild.com\/wp-content\/uploads\/2026\/03\/Nigeria-Poultry-Farm.png\" alt=\"China Steel Structure Manufacturers- Weizhengheng Group - Nigeria Poultry Farm\" title=\"Fabricantes de estructuras de acero de China - Grupo Weizhengheng - Granja av\u00edcola de Nigeria\" width=\"1200\" height=\"800\" srcset=\"https:\/\/custom.wzhbuild.com\/wp-content\/uploads\/2026\/03\/Nigeria-Poultry-Farm.png 1200w, https:\/\/custom.wzhbuild.com\/wp-content\/uploads\/2026\/03\/Nigeria-Poultry-Farm-980x653.png 980w, https:\/\/custom.wzhbuild.com\/wp-content\/uploads\/2026\/03\/Nigeria-Poultry-Farm-480x320.png 480w\" sizes=\"(min-width: 0px) and (max-width: 480px) 480px, (min-width: 481px) and (max-width: 980px) 980px, (min-width: 981px) 1200px, 100vw\" class=\"wp-image-39055\" \/><\/span><\/div>\n\n<div class=\"et_pb_blurb_1 et_pb_blurb et_pb_bg_layout_light et_pb_blurb_position_top et_pb_module et_flex_module preset--module--divi-blurb--default\"><div class=\"et_pb_blurb_content et_flex_module\"><div class=\"et_pb_blurb_container\"><h3 class=\"et_pb_module_header\">Edificios Agr\u00edcolas<\/h3><div class=\"et_pb_blurb_description\"><p>Granjas av\u00edcolas, invernaderos y establos para ganado resistentes a la corrosi\u00f3n optimizados para la bioseguridad.<\/p>\n<p><a href=\"https:\/\/custom.wzhbuild.com\/es\/agricultural-solutions\/\">Ver Soluciones Agr\u00edcolas<\/a><\/p>\n<\/div><\/div><\/div><\/div>\n<\/div>\n\n<div class=\"et_pb_column_4 et_pb_column et-last-child et_flex_column et_pb_css_mix_blend_mode_passthrough et_flex_column_8_24 et_flex_column_24_24_tablet et_flex_column_24_24_phone\">\n<div class=\"et_pb_image_2 et_pb_image et_pb_module et_flex_module\"><span class=\"et_pb_image_wrap\"><img loading=\"lazy\" decoding=\"async\" src=\"https:\/\/custom.wzhbuild.com\/wp-content\/uploads\/2026\/03\/Commercial1.png\" alt=\"China Steel Structure Manufacturers- Weizhengheng Group - Commercial1\" title=\"Fabricantes de estructuras de acero de China - Grupo Weizhengheng - Commercial1\" width=\"1200\" height=\"800\" srcset=\"https:\/\/custom.wzhbuild.com\/wp-content\/uploads\/2026\/03\/Commercial1.png 1200w, https:\/\/custom.wzhbuild.com\/wp-content\/uploads\/2026\/03\/Commercial1-980x653.png 980w, https:\/\/custom.wzhbuild.com\/wp-content\/uploads\/2026\/03\/Commercial1-480x320.png 480w\" sizes=\"(min-width: 0px) and (max-width: 480px) 480px, (min-width: 481px) and (max-width: 980px) 980px, (min-width: 981px) 1200px, 100vw\" class=\"wp-image-39052\" \/><\/span><\/div>\n\n<div class=\"et_pb_blurb_2 et_pb_blurb et_pb_bg_layout_light et_pb_blurb_position_top et_pb_module et_flex_module preset--module--divi-blurb--default\"><div class=\"et_pb_blurb_content et_flex_module\"><div class=\"et_pb_blurb_container\"><h3 class=\"et_pb_module_header\">Edificios Comerciales<\/h3><div class=\"et_pb_blurb_description\"><p>Centros comerciales con estilo, oficinas, hoteles y salas de exposici\u00f3n que combinan est\u00e9tica con una r\u00e1pida construcci\u00f3n.<\/p>\n<p><a href=\"https:\/\/custom.wzhbuild.com\/es\/commercial-solutions\/\"> Ver Soluciones Comerciales \u2192<\/a><\/p>\n<\/div><\/div><\/div><\/div>\n<\/div>\n<\/div>\n<\/div>","protected":false},"excerpt":{"rendered":"","protected":false},"author":1,"featured_media":0,"parent":0,"menu_order":0,"comment_status":"closed","ping_status":"closed","template":"","meta":{"_acf_changed":false,"footnotes":""},"class_list":["post-39120","page","type-page","status-publish","hentry"],"acf":[],"_links":{"self":[{"href":"https:\/\/custom.wzhbuild.com\/es\/wp-json\/wp\/v2\/pages\/39120","targetHints":{"allow":["GET"]}}],"collection":[{"href":"https:\/\/custom.wzhbuild.com\/es\/wp-json\/wp\/v2\/pages"}],"about":[{"href":"https:\/\/custom.wzhbuild.com\/es\/wp-json\/wp\/v2\/types\/page"}],"author":[{"embeddable":true,"href":"https:\/\/custom.wzhbuild.com\/es\/wp-json\/wp\/v2\/users\/1"}],"replies":[{"embeddable":true,"href":"https:\/\/custom.wzhbuild.com\/es\/wp-json\/wp\/v2\/comments?post=39120"}],"version-history":[{"count":0,"href":"https:\/\/custom.wzhbuild.com\/es\/wp-json\/wp\/v2\/pages\/39120\/revisions"}],"wp:attachment":[{"href":"https:\/\/custom.wzhbuild.com\/es\/wp-json\/wp\/v2\/media?parent=39120"}],"curies":[{"name":"wp","href":"https:\/\/api.w.org\/{rel}","templated":true}]}}